{"id":9,"date":"2023-08-10T17:55:39","date_gmt":"2023-08-10T17:55:39","guid":{"rendered":"http:\/\/minientrepotssauvegarde.com\/blog\/sample-page\/"},"modified":"2024-08-21T19:35:12","modified_gmt":"2024-08-21T19:35:12","slug":"sample-page","status":"publish","type":"page","link":"https:\/\/minientrepotssauvegarde.com\/blog\/fr\/","title":{"rendered":"Blogue"},"content":{"rendered":"\t\t<div data-elementor-type=\"wp-page\" data-elementor-id=\"9\" class=\"elementor elementor-9\">\n\t\t\t\t\t\t\t<div class=\"elementor-element elementor-element-279459df e-flex e-con-boxed e-con e-parent\" data-id=\"279459df\" data-element_type=\"container\" data-settings=\"{&quot;background_background&quot;:&quot;classic&quot;,&quot;content_width&quot;:&quot;boxed&quot;}\" data-core-v316-plus=\"true\">\n\t\t\t\t\t<div class=\"e-con-inner\">\n\t\t\t\t<div class=\"elementor-element elementor-element-838303b elementor-widget elementor-widget-heading\" data-id=\"838303b\" data-element_type=\"widget\" data-widget_type=\"heading.default\">\n\t\t\t\t<div class=\"elementor-widget-container\">\n\t\t\t<style>\/*! elementor - v3.16.0 - 20-09-2023 *\/\n.elementor-heading-title{padding:0;margin:0;line-height:1}.elementor-widget-heading .elementor-heading-title[class*=elementor-size-]>a{color:inherit;font-size:inherit;line-height:inherit}.elementor-widget-heading .elementor-heading-title.elementor-size-small{font-size:15px}.elementor-widget-heading .elementor-heading-title.elementor-size-medium{font-size:19px}.elementor-widget-heading .elementor-heading-title.elementor-size-large{font-size:29px}.elementor-widget-heading .elementor-heading-title.elementor-size-xl{font-size:39px}.elementor-widget-heading .elementor-heading-title.elementor-size-xxl{font-size:59px}<\/style><h2 class=\"elementor-heading-title elementor-size-default\"><span style=\"color:#F78D1E;\">NOTRE<\/span> BLOGUE<\/h2>\t\t<\/div>\n\t\t\t\t<\/div>\n\t\t\t\t<div class=\"elementor-element elementor-element-ace65e7 elementor-widget__width-initial elementor-widget elementor-widget-text-editor\" data-id=\"ace65e7\" data-element_type=\"widget\" data-widget_type=\"text-editor.default\">\n\t\t\t\t<div class=\"elementor-widget-container\">\n\t\t\t<style>\/*! elementor - v3.16.0 - 20-09-2023 *\/\n.elementor-widget-text-editor.elementor-drop-cap-view-stacked .elementor-drop-cap{background-color:#69727d;color:#fff}.elementor-widget-text-editor.elementor-drop-cap-view-framed .elementor-drop-cap{color:#69727d;border:3px solid;background-color:transparent}.elementor-widget-text-editor:not(.elementor-drop-cap-view-default) .elementor-drop-cap{margin-top:8px}.elementor-widget-text-editor:not(.elementor-drop-cap-view-default) .elementor-drop-cap-letter{width:1em;height:1em}.elementor-widget-text-editor .elementor-drop-cap{float:left;text-align:center;line-height:1;font-size:50px}.elementor-widget-text-editor .elementor-drop-cap-letter{display:inline-block}<\/style>\t\t\t\t<p>Apprenez-en davantage sur ce qui fait de nous la solution d&rsquo;entreposage la plus abordable \u00e0 Longueil, ainsi que quelques trucs et astuces pour votre unit\u00e9 d&rsquo;entreposage\u00a0!<\/p>\t\t\t\t\t\t<\/div>\n\t\t\t\t<\/div>\n\t\t\t\t<div class=\"elementor-element elementor-element-6a1999a0 elementor-widget elementor-widget-text-editor\" data-id=\"6a1999a0\" data-element_type=\"widget\" data-widget_type=\"text-editor.default\">\n\t\t\t\t<div class=\"elementor-widget-container\">\n\t\t\t\t\t\t\t<p><!-- wp:shortcode --><br \/>            <div id=\"post-grid-lazy-103\" class=\"post-grid-lazy\"><img decoding=\"async\" alt=\"\" src=\"\" \/><\/div>\n        <script>\n            jQuery('#post-grid-lazy-103').ready(function($) {\n                $('#post-grid-lazy-103').fadeOut();\n                $('#post-grid-103   ').fadeIn();\n            })\n        <\/script>\n        <style type=\"text\/css\">\n            #post-grid-103 {display: none;}\n            .post-grid-lazy {\n                text-align: center;\n            }\n        <\/style>\n        <div data-options='{&quot;id&quot;:&quot;103&quot;,&quot;lazy_load&quot;:&quot;yes&quot;,&quot;masonry_enable&quot;:&quot;no&quot;,&quot;view_type&quot;:&quot;grid&quot;}' id=\"post-grid-103\" class=\"post-grid grid\">\n                <div class=\"grid-items\">\n            <div class=\"item item-794 skin flat even 0 \">\n                <div class=\"layer-wrapper layout-104\">\n                <div class=\"image-wrapper element_1695155031140\" id=\"\">\n        <div class=\"element element_1695155073112  thumb \">\n                    <img decoding=\"async\" alt=\"downsizing before a move\"\n src=\"https:\/\/minientrepotssauvegarde.com\/blog\/wp-content\/uploads\/2025\/02\/downsizing-1-1024x684.jpg\">\n        \n\n    <\/div>\n    <\/div>\n    <div class=\"text-wrapper element_1695155074944\" id=\"\">\n        <div class=\"element element_1695155095131  title \">\n                    <a target=\"_blank\" href=\"https:\/\/minientrepotssauvegarde.com\/blog\/fr\/conseils-essentiels-pour-reduction-des-effectifs-avant-un-demenagement\/\">Conseils essentiels pour r\u00e9duire vos effectifs avant un d\u00e9m\u00e9nagement<\/a>\n\n        \n\n    <\/div>\n            <a class=\"element element_1695155098031 btn btn-outline-primary link-primary read_more \" target=\"_blank\" href=\"https:\/\/minientrepotssauvegarde.com\/blog\/fr\/conseils-essentiels-pour-reduction-des-effectifs-avant-un-demenagement\/\">En Savoir Plus<\/a>\n    \n    <\/div>\n        <\/div>\n    <\/div><div class=\"item item-763 skin flat odd 1 \">\n                <div class=\"layer-wrapper layout-104\">\n                <div class=\"image-wrapper element_1695155031140\" id=\"\">\n        <div class=\"element element_1695155073112  thumb \">\n                    <img decoding=\"async\" alt=\"Get ready for moving day\"\n src=\"https:\/\/minientrepotssauvegarde.com\/blog\/wp-content\/uploads\/2025\/02\/MovingDay-2-1-1024x682.jpg\">\n        \n\n    <\/div>\n    <\/div>\n    <div class=\"text-wrapper element_1695155074944\" id=\"\">\n        <div class=\"element element_1695155095131  title \">\n                    <a target=\"_blank\" href=\"https:\/\/minientrepotssauvegarde.com\/blog\/fr\/preparez-vous-pour-le-demenagement-conseils-essentiels-pour-une-transition-en-douceur\/\">Pr\u00e9parez-vous pour le jour du d\u00e9m\u00e9nagement : conseils essentiels pour une transition en douceur<\/a>\n\n        \n\n    <\/div>\n            <a class=\"element element_1695155098031 btn btn-outline-primary link-primary read_more \" target=\"_blank\" href=\"https:\/\/minientrepotssauvegarde.com\/blog\/fr\/preparez-vous-pour-le-demenagement-conseils-essentiels-pour-une-transition-en-douceur\/\">En Savoir Plus<\/a>\n    \n    <\/div>\n        <\/div>\n    <\/div><div class=\"item item-756 skin flat even 2 \">\n                <div class=\"layer-wrapper layout-104\">\n                <div class=\"image-wrapper element_1695155031140\" id=\"\">\n        <div class=\"element element_1695155073112  thumb \">\n                    <img decoding=\"async\" alt=\"Motorcycle storage for winter\"\n src=\"https:\/\/minientrepotssauvegarde.com\/blog\/wp-content\/uploads\/2025\/02\/Moto-1-1024x683.jpg\">\n        \n\n    <\/div>\n    <\/div>\n    <div class=\"text-wrapper element_1695155074944\" id=\"\">\n        <div class=\"element element_1695155095131  title \">\n                    <a target=\"_blank\" href=\"https:\/\/minientrepotssauvegarde.com\/blog\/fr\/entreposage-de-moto-pour-lhiver-comment-preparer-votre-moto-pour-le-grand-froid\/\">Entreposage de moto pour l&rsquo;hiver : comment pr\u00e9parer votre moto pour le grand froid<\/a>\n\n        \n\n    <\/div>\n            <a class=\"element element_1695155098031 btn btn-outline-primary link-primary read_more \" target=\"_blank\" href=\"https:\/\/minientrepotssauvegarde.com\/blog\/fr\/entreposage-de-moto-pour-lhiver-comment-preparer-votre-moto-pour-le-grand-froid\/\">En Savoir Plus<\/a>\n    \n    <\/div>\n        <\/div>\n    <\/div><div class=\"item item-721 skin flat odd 3 \">\n                <div class=\"layer-wrapper layout-104\">\n                <div class=\"image-wrapper element_1695155031140\" id=\"\">\n        <div class=\"element element_1695155073112  thumb \">\n                    <img decoding=\"async\" alt=\"Couple next to their RV storage and boat parking\"\n src=\"https:\/\/minientrepotssauvegarde.com\/blog\/wp-content\/uploads\/2025\/02\/RV-1-1024x682.jpg\">\n        \n\n    <\/div>\n    <\/div>\n    <div class=\"text-wrapper element_1695155074944\" id=\"\">\n        <div class=\"element element_1695155095131  title \">\n                    <a target=\"_blank\" href=\"https:\/\/minientrepotssauvegarde.com\/blog\/fr\/4-raisons-pour-lesquelles-lentreposage-des-camping-et-des-bateaux-est-benefique\/\">4 raisons pour lesquelles l\u2019entreposage des VR et des bateaux est b\u00e9n\u00e9fique<\/a>\n\n        \n\n    <\/div>\n            <a class=\"element element_1695155098031 btn btn-outline-primary link-primary read_more \" target=\"_blank\" href=\"https:\/\/minientrepotssauvegarde.com\/blog\/fr\/4-raisons-pour-lesquelles-lentreposage-des-camping-et-des-bateaux-est-benefique\/\">En Savoir Plus<\/a>\n    \n    <\/div>\n        <\/div>\n    <\/div><div class=\"item item-690 skin flat even 4 \">\n                <div class=\"layer-wrapper layout-104\">\n                <div class=\"image-wrapper element_1695155031140\" id=\"\">\n        <div class=\"element element_1695155073112  thumb \">\n                    <img decoding=\"async\" alt=\"Packing and self storage tips\"\n src=\"https:\/\/minientrepotssauvegarde.com\/blog\/wp-content\/uploads\/2025\/01\/MovingDay1-1024x682.jpg\">\n        \n\n    <\/div>\n    <\/div>\n    <div class=\"text-wrapper element_1695155074944\" id=\"\">\n        <div class=\"element element_1695155095131  title \">\n                    <a target=\"_blank\" href=\"https:\/\/minientrepotssauvegarde.com\/blog\/fr\/conseils-demballage-et-dentreposage-pour-vous-aider-a-demenager-efficacement\/\">Conseils d&#8217;emballage et d&rsquo;entreposage pour vous aider \u00e0 d\u00e9m\u00e9nager efficacement<\/a>\n\n        \n\n    <\/div>\n            <a class=\"element element_1695155098031 btn btn-outline-primary link-primary read_more \" target=\"_blank\" href=\"https:\/\/minientrepotssauvegarde.com\/blog\/fr\/conseils-demballage-et-dentreposage-pour-vous-aider-a-demenager-efficacement\/\">En Savoir Plus<\/a>\n    \n    <\/div>\n        <\/div>\n    <\/div><div class=\"item item-668 skin flat odd 5 \">\n                <div class=\"layer-wrapper layout-104\">\n                <div class=\"image-wrapper element_1695155031140\" id=\"\">\n        <div class=\"element element_1695155073112  thumb \">\n                    <img decoding=\"async\" alt=\"\"\n src=\"https:\/\/minientrepotssauvegarde.com\/blog\/wp-content\/uploads\/2024\/10\/shutterstock_1319568341-1024x642.jpg\">\n        \n\n    <\/div>\n    <\/div>\n    <div class=\"text-wrapper element_1695155074944\" id=\"\">\n        <div class=\"element element_1695155095131  title \">\n                    <a target=\"_blank\" href=\"https:\/\/minientrepotssauvegarde.com\/blog\/fr\/avantages-de-lassurance-entreposage\/\">4 avantages cl\u00e9s de l&rsquo;assurance entreposage : prot\u00e9ger vos biens<\/a>\n\n        \n\n    <\/div>\n            <a class=\"element element_1695155098031 btn btn-outline-primary link-primary read_more \" target=\"_blank\" href=\"https:\/\/minientrepotssauvegarde.com\/blog\/fr\/avantages-de-lassurance-entreposage\/\">En Savoir Plus<\/a>\n    \n    <\/div>\n        <\/div>\n    <\/div><div class=\"item item-652 skin flat even 6 \">\n                <div class=\"layer-wrapper layout-104\">\n                <div class=\"image-wrapper element_1695155031140\" id=\"\">\n        <div class=\"element element_1695155073112  thumb \">\n                    <img decoding=\"async\" alt=\"\"\n src=\"https:\/\/minientrepotssauvegarde.com\/blog\/wp-content\/uploads\/2024\/10\/shutterstock_2378809407-1024x576.jpg\">\n        \n\n    <\/div>\n    <\/div>\n    <div class=\"text-wrapper element_1695155074944\" id=\"\">\n        <div class=\"element element_1695155095131  title \">\n                    <a target=\"_blank\" href=\"https:\/\/minientrepotssauvegarde.com\/blog\/fr\/guide-des-tailles-unites-entreposage\/\">Guide des tailles d&rsquo;unit\u00e9s d\u2019entreposage: trouver la taille id\u00e9ale<\/a>\n\n        \n\n    <\/div>\n            <a class=\"element element_1695155098031 btn btn-outline-primary link-primary read_more \" target=\"_blank\" href=\"https:\/\/minientrepotssauvegarde.com\/blog\/fr\/guide-des-tailles-unites-entreposage\/\">En Savoir Plus<\/a>\n    \n    <\/div>\n        <\/div>\n    <\/div><div class=\"item item-635 skin flat odd 7 \">\n                <div class=\"layer-wrapper layout-104\">\n                <div class=\"image-wrapper element_1695155031140\" id=\"\">\n        <div class=\"element element_1695155073112  thumb \">\n                    <img decoding=\"async\" alt=\"\"\n src=\"https:\/\/minientrepotssauvegarde.com\/blog\/wp-content\/uploads\/2024\/10\/shutterstock_2153224965-1024x576.jpg\">\n        \n\n    <\/div>\n    <\/div>\n    <div class=\"text-wrapper element_1695155074944\" id=\"\">\n        <div class=\"element element_1695155095131  title \">\n                    <a target=\"_blank\" href=\"https:\/\/minientrepotssauvegarde.com\/blog\/fr\/stockage-renovation-domestique\/\">Stockage pour r\u00e9novation domiciliaire<\/a>\n\n        \n\n    <\/div>\n            <a class=\"element element_1695155098031 btn btn-outline-primary link-primary read_more \" target=\"_blank\" href=\"https:\/\/minientrepotssauvegarde.com\/blog\/fr\/stockage-renovation-domestique\/\">En Savoir Plus<\/a>\n    \n    <\/div>\n        <\/div>\n    <\/div><div class=\"item item-617 skin flat even 8 \">\n                <div class=\"layer-wrapper layout-104\">\n                <div class=\"image-wrapper element_1695155031140\" id=\"\">\n        <div class=\"element element_1695155073112  thumb \">\n                    <img decoding=\"async\" alt=\"\"\n src=\"https:\/\/minientrepotssauvegarde.com\/blog\/wp-content\/uploads\/2024\/10\/shutterstock_2166713531-1024x724.jpg\">\n        \n\n    <\/div>\n    <\/div>\n    <div class=\"text-wrapper element_1695155074944\" id=\"\">\n        <div class=\"element element_1695155095131  title \">\n                    <a target=\"_blank\" href=\"https:\/\/minientrepotssauvegarde.com\/blog\/fr\/cout-des-unites-de-stockage\/\">Co\u00fbt des unit\u00e9s de stockage<\/a>\n\n        \n\n    <\/div>\n            <a class=\"element element_1695155098031 btn btn-outline-primary link-primary read_more \" target=\"_blank\" href=\"https:\/\/minientrepotssauvegarde.com\/blog\/fr\/cout-des-unites-de-stockage\/\">En Savoir Plus<\/a>\n    \n    <\/div>\n        <\/div>\n    <\/div><div class=\"item item-587 skin flat odd 9 \">\n                <div class=\"layer-wrapper layout-104\">\n                <div class=\"image-wrapper element_1695155031140\" id=\"\">\n        <div class=\"element element_1695155073112  thumb \">\n                    <img decoding=\"async\" alt=\"\"\n src=\"https:\/\/minientrepotssauvegarde.com\/blog\/wp-content\/uploads\/2024\/08\/shutterstock_2301612379-1024x678.jpg\">\n        \n\n    <\/div>\n    <\/div>\n    <div class=\"text-wrapper element_1695155074944\" id=\"\">\n        <div class=\"element element_1695155095131  title \">\n                    <a target=\"_blank\" href=\"https:\/\/minientrepotssauvegarde.com\/blog\/fr\/conseils-pour-entreposer-votre-bateau\/\">Conseils pour l\u2019entreposage des bateaux pour les passionn\u00e9s canadiens<\/a>\n\n        \n\n    <\/div>\n            <a class=\"element element_1695155098031 btn btn-outline-primary link-primary read_more \" target=\"_blank\" href=\"https:\/\/minientrepotssauvegarde.com\/blog\/fr\/conseils-pour-entreposer-votre-bateau\/\">En Savoir Plus<\/a>\n    \n    <\/div>\n        <\/div>\n    <\/div>        <\/div>\n        <div class=\"pagination\">\n            <div class=\"paginate\">\n        <span aria-current=\"page\" class=\"page-numbers current\">1<\/span>\n<a class=\"page-numbers\" href=\"https:\/\/minientrepotssauvegarde.com\/blog\/fr\/wp-json\/wp\/v2\/pages\/9\/page\/2\/\">2<\/a>\n<a class=\"page-numbers\" href=\"https:\/\/minientrepotssauvegarde.com\/blog\/fr\/wp-json\/wp\/v2\/pages\/9\/page\/3\/\">3<\/a>\n<a class=\"next page-numbers\" href=\"https:\/\/minientrepotssauvegarde.com\/blog\/fr\/wp-json\/wp\/v2\/pages\/9\/page\/2\/\">Next \u00bb<\/a>    <\/div>\n    <style type=\"text\/css\">\n        #post-grid-103 .pagination .page-numbers {\n            font-size: 16px;\n            color: #fff;\n            background: #646464;\n        }\n        #post-grid-103 .pagination .page-numbers:hover,\n        #post-grid-103 .pagination .page-numbers.current {\n            background: #4b4b4b;\n        }\n    <\/style>\n    <\/div>\n        <style type=\"text\/css\">\n            .layout-104 .element_1695155031140 {\n                            }\n\n                    <\/style>\n        <style type=\"text\/css\">\n        .layout-104 .element_1695155073112 {\n            overflow: hidden;\n                    }\n\n        .layout-104 .element_1695155073112 img {\n            max-width: 100%;\n            height: auto;\n        }\n\n        @media only screen and (min-width: 1024px) {\n            .layout-104 .element_1695155073112 {\n                            }\n        }\n\n        @media only screen and (min-width: 768px) and (max-width: 1023px) {\n            .layout-104 .element_1695155073112 {\n                            }\n        }\n\n        @media only screen and (min-width: 0px) and (max-width: 767px) {\n            .layout-104 .element_1695155073112 {\n                            }\n        }\n    <\/style>\n        <style type=\"text\/css\">\n            .layout-104 .element_1695155074944 {\n                            }\n\n                    <\/style>\n        <style type=\"text\/css\">\n        .layout-104 .element_1695155095131 {\n            text-align: left;\n                    }\n\n        .layout-104 .element_1695155095131 a {\n            text-align: left;\n                    }\n    <\/style>\n    <style type=\"text\/css\">\n        .layout-104 .element_1695155098031 {\n            text-align: left;\n                    }\n\n        .layout-104 .element_1695155098031 a {\n                    }\n    <\/style>\n    \n\n        <script>\n        <\/script>\n        <style type=\"text\/css\">\n        #post-grid-103 {\n                    }\n        #post-grid-103 .item {\n            padding: 0px;\n            background: #fff;\n                    }\n        #post-grid-103 .item .layer-media {\n            height:auto;        }\n        @media only screen and (min-width: 0px) and (max-width: 767px) {\n            #post-grid-103 .grid-items {\n                display: grid;\n                grid-template-columns: 1fr ;\n                column-gap: 10px;\n                row-gap: 10px;\n                            }\n            #post-grid-103 .item {\n                height:auto;            }\n        }\n        @media only screen and (min-width: 768px) and (max-width: 1023px) {\n            #post-grid-103 .grid-items {\n                display: grid;\n                grid-template-columns: 1fr ;\n                column-gap: 10px;\n                row-gap: 10px;             }\n            #post-grid-103 .item {\n                max-height:auto;            }\n        }\n        @media only screen and (min-width: 1024px) {\n            #post-grid-103 .grid-items {\n                display: grid;\n                grid-template-columns: 1fr 1fr ;\n                column-gap: 10px;\n                row-gap: 10px;\n                            }\n            #post-grid-103 .item {\n                height:auto;            }\n        }\n            <\/style>\n    <\/div>\n<br \/><!-- \/wp:shortcode --><\/p>\t\t\t\t\t\t<\/div>\n\t\t\t\t<\/div>\n\t\t\t\t\t<\/div>\n\t\t\t\t<\/div>\n\t\t\t\t\t\t\t<\/div>\n\t\t","protected":false},"excerpt":{"rendered":"<p>NOTRE BLOGUE Apprenez-en davantage sur ce qui fait de nous la solution d&rsquo;entreposage la plus abordable \u00e0 Longueil, ainsi que quelques trucs et astuces pour votre unit\u00e9 d&rsquo;entreposage\u00a0! [&#8230;]<\/p>\n<p><a class=\"btn btn-secondary understrap-read-more-link\" href=\"https:\/\/minientrepotssauvegarde.com\/blog\/fr\/conseils-pour-entreposer-votre-bateau\/\">Lire la suite\u2026<span class=\"screen-reader-text\"> from Conseils pour l\u2019entreposage des bateaux pour les passionn\u00e9s canadiens<\/span><\/a><\/p>\n","protected":false},"author":1,"featured_media":0,"parent":0,"menu_order":0,"comment_status":"closed","ping_status":"open","template":"page-templates\/fullwidthpage.php","meta":{"pg_page_styles":[],"footnotes":""},"yoast_head":"<!-- This site is optimized with the Yoast SEO plugin v21.2 - https:\/\/yoast.com\/wordpress\/plugins\/seo\/ -->\n<title>Blogue - Mini Entrep\u00f4ts Sauvegarde<\/title>\n<meta name=\"robots\" content=\"index, follow, max-snippet:-1, max-image-preview:large, max-video-preview:-1\" \/>\n<link rel=\"canonical\" href=\"https:\/\/minientrepotssauvegarde.com\/blog\/fr\/\" \/>\n<meta property=\"og:locale\" content=\"fr_FR\" \/>\n<meta property=\"og:type\" content=\"article\" \/>\n<meta property=\"og:title\" content=\"Blogue - Mini Entrep\u00f4ts Sauvegarde\" \/>\n<meta property=\"og:description\" content=\"NOTRE BLOGUE Apprenez-en davantage sur ce qui fait de nous la solution d&rsquo;entreposage la plus abordable \u00e0 Longueil, ainsi que quelques trucs et astuces pour votre unit\u00e9 d&rsquo;entreposage\u00a0! [...]Lire la suite\u2026 from Conseils pour l\u2019entreposage des bateaux pour les passionn\u00e9s canadiens\" \/>\n<meta property=\"og:url\" content=\"https:\/\/minientrepotssauvegarde.com\/blog\/fr\/\" \/>\n<meta property=\"og:site_name\" content=\"Mini Entrep\u00f4ts Sauvegarde\" \/>\n<meta property=\"article:modified_time\" content=\"2024-08-21T19:35:12+00:00\" \/>\n<meta name=\"twitter:card\" content=\"summary_large_image\" \/>\n<meta name=\"twitter:label1\" content=\"Est. reading time\" \/>\n\t<meta name=\"twitter:data1\" content=\"1 minute\" \/>\n<script type=\"application\/ld+json\" class=\"yoast-schema-graph\">{\"@context\":\"https:\/\/schema.org\",\"@graph\":[{\"@type\":\"WebPage\",\"@id\":\"https:\/\/minientrepotssauvegarde.com\/blog\/fr\/\",\"url\":\"https:\/\/minientrepotssauvegarde.com\/blog\/fr\/\",\"name\":\"Blogue - Mini Entrep\u00f4ts Sauvegarde\",\"isPartOf\":{\"@id\":\"https:\/\/minientrepotssauvegarde.com\/blog\/#website\"},\"datePublished\":\"2023-08-10T17:55:39+00:00\",\"dateModified\":\"2024-08-21T19:35:12+00:00\",\"breadcrumb\":{\"@id\":\"https:\/\/minientrepotssauvegarde.com\/blog\/fr\/#breadcrumb\"},\"inLanguage\":\"fr-FR\",\"potentialAction\":[{\"@type\":\"ReadAction\",\"target\":[\"https:\/\/minientrepotssauvegarde.com\/blog\/fr\/\"]}]},{\"@type\":\"BreadcrumbList\",\"@id\":\"https:\/\/minientrepotssauvegarde.com\/blog\/fr\/#breadcrumb\",\"itemListElement\":[{\"@type\":\"ListItem\",\"position\":1,\"name\":\"Home\",\"item\":\"https:\/\/minientrepotssauvegarde.com\/blog\/fr\/\"},{\"@type\":\"ListItem\",\"position\":2,\"name\":\"Blogue\"}]},{\"@type\":\"WebSite\",\"@id\":\"https:\/\/minientrepotssauvegarde.com\/blog\/#website\",\"url\":\"https:\/\/minientrepotssauvegarde.com\/blog\/\",\"name\":\"Mini Entrep\u00f4ts Sauvegarde\",\"description\":\"\",\"potentialAction\":[{\"@type\":\"SearchAction\",\"target\":{\"@type\":\"EntryPoint\",\"urlTemplate\":\"https:\/\/minientrepotssauvegarde.com\/blog\/?s={search_term_string}\"},\"query-input\":\"required name=search_term_string\"}],\"inLanguage\":\"fr-FR\"}]}<\/script>\n<!-- \/ Yoast SEO plugin. -->","yoast_head_json":{"title":"Blogue - Mini Entrep\u00f4ts Sauvegarde","robots":{"index":"index","follow":"follow","max-snippet":"max-snippet:-1","max-image-preview":"max-image-preview:large","max-video-preview":"max-video-preview:-1"},"canonical":"https:\/\/minientrepotssauvegarde.com\/blog\/fr\/","og_locale":"fr_FR","og_type":"article","og_title":"Blogue - Mini Entrep\u00f4ts Sauvegarde","og_description":"NOTRE BLOGUE Apprenez-en davantage sur ce qui fait de nous la solution d&rsquo;entreposage la plus abordable \u00e0 Longueil, ainsi que quelques trucs et astuces pour votre unit\u00e9 d&rsquo;entreposage\u00a0! [...]Lire la suite\u2026 from Conseils pour l\u2019entreposage des bateaux pour les passionn\u00e9s canadiens","og_url":"https:\/\/minientrepotssauvegarde.com\/blog\/fr\/","og_site_name":"Mini Entrep\u00f4ts Sauvegarde","article_modified_time":"2024-08-21T19:35:12+00:00","twitter_card":"summary_large_image","twitter_misc":{"Est. reading time":"1 minute"},"schema":{"@context":"https:\/\/schema.org","@graph":[{"@type":"WebPage","@id":"https:\/\/minientrepotssauvegarde.com\/blog\/fr\/","url":"https:\/\/minientrepotssauvegarde.com\/blog\/fr\/","name":"Blogue - Mini Entrep\u00f4ts Sauvegarde","isPartOf":{"@id":"https:\/\/minientrepotssauvegarde.com\/blog\/#website"},"datePublished":"2023-08-10T17:55:39+00:00","dateModified":"2024-08-21T19:35:12+00:00","breadcrumb":{"@id":"https:\/\/minientrepotssauvegarde.com\/blog\/fr\/#breadcrumb"},"inLanguage":"fr-FR","potentialAction":[{"@type":"ReadAction","target":["https:\/\/minientrepotssauvegarde.com\/blog\/fr\/"]}]},{"@type":"BreadcrumbList","@id":"https:\/\/minientrepotssauvegarde.com\/blog\/fr\/#breadcrumb","itemListElement":[{"@type":"ListItem","position":1,"name":"Home","item":"https:\/\/minientrepotssauvegarde.com\/blog\/fr\/"},{"@type":"ListItem","position":2,"name":"Blogue"}]},{"@type":"WebSite","@id":"https:\/\/minientrepotssauvegarde.com\/blog\/#website","url":"https:\/\/minientrepotssauvegarde.com\/blog\/","name":"Mini Entrep\u00f4ts Sauvegarde","description":"","potentialAction":[{"@type":"SearchAction","target":{"@type":"EntryPoint","urlTemplate":"https:\/\/minientrepotssauvegarde.com\/blog\/?s={search_term_string}"},"query-input":"required name=search_term_string"}],"inLanguage":"fr-FR"}]}},"_links":{"self":[{"href":"https:\/\/minientrepotssauvegarde.com\/blog\/fr\/wp-json\/wp\/v2\/pages\/9"}],"collection":[{"href":"https:\/\/minientrepotssauvegarde.com\/blog\/fr\/wp-json\/wp\/v2\/pages"}],"about":[{"href":"https:\/\/minientrepotssauvegarde.com\/blog\/fr\/wp-json\/wp\/v2\/types\/page"}],"author":[{"embeddable":true,"href":"https:\/\/minientrepotssauvegarde.com\/blog\/fr\/wp-json\/wp\/v2\/users\/1"}],"replies":[{"embeddable":true,"href":"https:\/\/minientrepotssauvegarde.com\/blog\/fr\/wp-json\/wp\/v2\/comments?post=9"}],"version-history":[{"count":27,"href":"https:\/\/minientrepotssauvegarde.com\/blog\/fr\/wp-json\/wp\/v2\/pages\/9\/revisions"}],"predecessor-version":[{"id":590,"href":"https:\/\/minientrepotssauvegarde.com\/blog\/fr\/wp-json\/wp\/v2\/pages\/9\/revisions\/590"}],"wp:attachment":[{"href":"https:\/\/minientrepotssauvegarde.com\/blog\/fr\/wp-json\/wp\/v2\/media?parent=9"}],"curies":[{"name":"wp","href":"https:\/\/api.w.org\/{rel}","templated":true}]}}